{"id":8,"date":"2021-07-18T07:55:56","date_gmt":"2021-07-18T07:55:56","guid":{"rendered":"http:\/\/mohaka.co.nz\/?page_id=8"},"modified":"2021-07-18T07:59:12","modified_gmt":"2021-07-18T07:59:12","slug":"home","status":"publish","type":"page","link":"http:\/\/www.mohaka.co.nz\/","title":{"rendered":"About Mohaka"},"content":{"rendered":"\n<p>M\u014dhaka is a small township next to the mouth of the M\u014dhaka River, off State Highway 2. M\u014dhaka is a M\u0101ori settlement surrounded by pastoral farmland. The main hap\u016b is Ng\u0101ti Pahauwera. The round meeting house Rongomaiwahine is a local landmark.<\/p>\n","protected":false},"excerpt":{"rendered":"<p>M\u014dhaka is a small township next to the mouth of the M\u014dhaka River, off State Highway 2. M\u014dhaka is a M\u0101ori settlement surrounded by pastoral farmland. The main hap\u016b is Ng\u0101ti Pahauwera. The round meeting house Rongomaiwahine is a local landmark.<\/p>\n","protected":false},"author":1,"featured_media":0,"parent":0,"menu_order":0,"comment_status":"closed","ping_status":"closed","template":"","meta":[],"_links":{"self":[{"href":"http:\/\/www.mohaka.co.nz\/index.php\/wp-json\/wp\/v2\/pages\/8"}],"collection":[{"href":"http:\/\/www.mohaka.co.nz\/index.php\/wp-json\/wp\/v2\/pages"}],"about":[{"href":"http:\/\/www.mohaka.co.nz\/index.php\/wp-json\/wp\/v2\/types\/page"}],"author":[{"embeddable":true,"href":"http:\/\/www.mohaka.co.nz\/index.php\/wp-json\/wp\/v2\/users\/1"}],"replies":[{"embeddable":true,"href":"http:\/\/www.mohaka.co.nz\/index.php\/wp-json\/wp\/v2\/comments?post=8"}],"version-history":[{"count":5,"href":"http:\/\/www.mohaka.co.nz\/index.php\/wp-json\/wp\/v2\/pages\/8\/revisions"}],"predecessor-version":[{"id":33,"href":"http:\/\/www.mohaka.co.nz\/index.php\/wp-json\/wp\/v2\/pages\/8\/revisions\/33"}],"wp:attachment":[{"href":"http:\/\/www.mohaka.co.nz\/index.php\/wp-json\/wp\/v2\/media?parent=8"}],"curies":[{"name":"wp","href":"https:\/\/api.w.org\/{rel}","templated":true}]}}